{"id":59,"date":"2023-04-05T10:48:21","date_gmt":"2023-04-05T10:48:21","guid":{"rendered":"https:\/\/turbo-type.com\/?page_id=59"},"modified":"2025-01-25T19:37:35","modified_gmt":"2025-01-25T19:37:35","slug":"studio-copy","status":"publish","type":"page","link":"https:\/\/turbo-type.com\/en\/studio-copy\/","title":{"rendered":"Studio alt"},"content":{"rendered":"","protected":false},"excerpt":{"rendered":"","protected":false},"author":1,"featured_media":0,"parent":0,"menu_order":6,"comment_status":"closed","ping_status":"closed","template":"","meta":[],"class_list":["post-59","page","type-page","status-publish","hentry"],"grid":"{\r\n  \"colCount\": 12,\r\n  \"colGutter\": 10,\r\n  \"rowGutters\": [\r\n    20,\r\n    20\r\n  ],\r\n  \"frameMargin\": 5,\r\n  \"leftFrameMargin\": 2,\r\n  \"rightFrameMargin\": 2,\r\n  \"topFrameMargin\": 100,\r\n  \"bottomFrameMargin\": 5,\r\n  \"rowAttrs\": [\r\n    {\r\n      \"relid\": 4\r\n    },\r\n    {\r\n      \"relid\": 7\r\n    },\r\n    {\r\n      \"relid\": 172\r\n    }\r\n  ],\r\n  \"bgColor\": null,\r\n  \"bgImage\": null,\r\n  \"cont\": [\r\n    {\r\n      \"type\": \"text\",\r\n      \"cont\": \"<p class=\\\"_Default\\\"><span style=\\\"font-size: 20px;\\\">Wir sind turbo type aus Offenbach. Und am liebsten arbeiten wir mit Buch\u00adstaben: Unser Schwerpunkt liegt in den Bereichen Kommunikations-\u00ad und Type\u00addesign.<\/span><br \/><span style=\\\"font-size: 20px;\\\">Wir arbeiten an Visual Identities in Form von Corporate Designs, (Custom) Fonts, Gedrucktem (Plakate, B\u00fccher, Brosch\u00fcren, ...) oder rein Digitalem. Irgendwo zwischen konzeptionell und verspielt freuen wir uns \u00fcber jede Ge\u00adlegenheit, neue Fonts und Letterings zu entwickeln, um ein Projekt einzigartig zu machen. Wir lieben einfach eine ganzheitliche Herangehensweise, bei der wir jedes Element in der Gestaltung mitdenken k\u00f6nnen \u2013 vom einzelnen Buchstaben bis hin zum fertigen Layout.<\/span><\/p>\",\r\n      \"align\": \"top\",\r\n      \"row\": 0,\r\n      \"col\": 1,\r\n      \"colspan\": 6,\r\n      \"offsetx\": 0,\r\n      \"offsety\": 0,\r\n      \"spaceabove\": 0,\r\n      \"spacebelow\": 0,\r\n      \"yvel\": 1,\r\n      \"push\": 1,\r\n      \"relid\": 5,\r\n      \"absolute_position\": false,\r\n      \"dosync\": false,\r\n      \"frameOverflow\": \"\"\r\n    },\r\n    {\r\n      \"type\": \"img\",\r\n      \"cont\": \"\/wp-content\/uploads\/2023\/04\/Studio_4.png\",\r\n      \"align\": \"top\",\r\n      \"row\": 1,\r\n      \"col\": 0,\r\n      \"colspan\": 12,\r\n      \"offsetx\": 0,\r\n      \"offsety\": 0,\r\n      \"spaceabove\": 0,\r\n      \"spacebelow\": 0,\r\n      \"yvel\": 1,\r\n      \"push\": 0,\r\n      \"relid\": 1077,\r\n      \"attid\": 172,\r\n      \"sizes\": {\r\n        \"full\": \"\/wp-content\/uploads\/2023\/04\/Studio_4.png\",\r\n        \"_1280\": \"\/wp-content\/uploads\/2023\/04\/Studio_4-1280x434.png\",\r\n        \"_1024\": \"\/wp-content\/uploads\/2023\/04\/Studio_4-1024x347.png\",\r\n        \"_768\": \"\/wp-content\/uploads\/2023\/04\/Studio_4-768x260.png\",\r\n        \"_512\": \"\/wp-content\/uploads\/2023\/04\/Studio_4-512x174.png\",\r\n        \"_265\": \"\/wp-content\/uploads\/2023\/04\/Studio_4-265x90.png\"\r\n      },\r\n      \"w\": 1492,\r\n      \"h\": 506,\r\n      \"ar\": 0.339142091152815,\r\n      \"alt\": \"\",\r\n      \"absolute_position\": false,\r\n      \"dosync\": false\r\n    },\r\n    {\r\n      \"type\": \"text\",\r\n      \"cont\": \"<p><span style=\\\"font-size: 20px;\\\"><strong>Was wir machen<\/strong><\/span><br \/><span style=\\\"font-size: 20px;\\\">Corporate Design\/Visuelle Identit\u00e4ten<\/span><br \/><span style=\\\"font-size: 20px;\\\">Editorial Design<\/span><br \/><span style=\\\"font-size: 20px;\\\">Typedesign<\/span><br \/><span style=\\\"font-size: 20px;\\\">Illustration<\/span><br \/><span style=\\\"font-size: 20px;\\\">Ausstellungsdesign<\/span><br \/><span style=\\\"font-size: 20px;\\\">Kuration<\/span><br \/><br \/><span style=\\\"font-size: 20px;\\\"><strong>Medien<\/strong><\/span><br \/><span style=\\\"font-size: 20px;\\\">Animationen, Anzeigen, Ausstellungsgrafik, Ausstellungskataloge, Banner, Brosch\u00fcren, B\u00fccher, Flyer, Gesch\u00e4ftsausstattung, Infografiken, Illustrationen, Kampagnen, Karten, Letterings, Logos, Magazine, Plakate, Postkarten, Pr\u00e4sentationen, Schriften, Sticker, Templates, Texte, Verpackungen, Visitenkarten, Websites, Zeichnungen uvm.<\/span><br \/><br \/><span style=\\\"font-size: 20px;\\\"><strong><\/strong><strong><\/strong><strong>Auftraggeber*innen (Auswahl)<\/strong><\/span><br \/><span style=\\\"font-size: 20px;\\\">Agentur Mitte<\/span><br \/><span style=\\\"font-size: 20px;\\\">Amt f\u00fcr Kultur und Sportmanagement Stadt Offenbach<\/span><br \/><span style=\\\"font-size: 20px;\\\">Atelier Markgraph<\/span><br \/><span style=\\\"font-size: 20px;\\\">Changing Cities e.V.<\/span><br \/><span style=\\\"font-size: 20px;\\\">Cheil Germany<\/span><br \/><span style=\\\"font-size: 20px;\\\">Fontstand News<br \/>Frauenb\u00fcro Stadt Offenbach<br \/><\/span><span style=\\\"font-size: 20px;\\\">Goethe-Universit\u00e4t Frankfurt<\/span><br \/><span style=\\\"font-size: 20px;\\\">Humboldt Universit\u00e4t Berlin <\/span><br \/><span style=\\\"font-size: 20px;\\\">Hochschule f\u00fcr Gestaltung Offenbach <\/span><br \/><span style=\\\"font-size: 20px;\\\">Klingspor Museum Offenbach <\/span><br \/><span style=\\\"font-size: 20px;\\\">Landungsbr\u00fccken Frankfurt<\/span><br \/><span style=\\\"font-size: 20px;\\\">MUSEUM MMK F\u00dcR MODERNE KUNST<\/span><br \/><span style=\\\"font-size: 20px;\\\">Museum Obertor\u00ad-Apotheke<\/span><br \/><span style=\\\"font-size: 20px;\\\">Netzwerk Frankfurt f\u00fcr gemeinschaftliches Wohnen<br \/>Schultzschultz<br \/><\/span><\/p>\",\r\n      \"align\": \"top\",\r\n      \"row\": 2,\r\n      \"col\": 1,\r\n      \"colspan\": 6,\r\n      \"offsetx\": 0,\r\n      \"offsety\": 0,\r\n      \"spaceabove\": 0,\r\n      \"spacebelow\": 0,\r\n      \"yvel\": 1,\r\n      \"push\": 1,\r\n      \"relid\": 173,\r\n      \"absolute_position\": false,\r\n      \"dosync\": false\r\n    },\r\n    {\r\n      \"type\": \"text\",\r\n      \"cont\": \"<p><span style=\\\"font-size: 20px;\\\"><strong>Kontakt:<\/strong><\/span><\/p><p><span style=\\\"font-size: 20px;\\\">hello@turbo-type.com<\/span><br \/><span style=\\\"font-size: 20px;\\\">Instagram: <a rel=\\\"noopener\\\" href=\\\"http:\/\/www.instagram.com\/turbo_type\/\\\" target=\\\"_blank\\\">turbo_type<\/a><\/span><\/p>\",\r\n      \"align\": \"top\",\r\n      \"row\": 2,\r\n      \"col\": 9,\r\n      \"colspan\": 3,\r\n      \"offsetx\": 0,\r\n      \"offsety\": 0,\r\n      \"spaceabove\": 0,\r\n      \"spacebelow\": 0,\r\n      \"yvel\": 1,\r\n      \"push\": 2,\r\n      \"relid\": 6,\r\n      \"absolute_position\": false,\r\n      \"dosync\": false\r\n    }\r\n  ]\r\n}","phonegrid":"{\r\n  \"colCount\": 12,\r\n  \"colGutter\": 10,\r\n  \"rowGutters\": [\r\n    10,\r\n    10,\r\n    10\r\n  ],\r\n  \"frameMargin\": 5,\r\n  \"leftFrameMargin\": 3,\r\n  \"rightFrameMargin\": 3,\r\n  \"topFrameMargin\": 5,\r\n  \"bottomFrameMargin\": 5,\r\n  \"rowAttrs\": [\r\n    {\r\n      \"relid\": 425\r\n    },\r\n    {\r\n      \"relid\": 426\r\n    },\r\n    {\r\n      \"relid\": 427\r\n    },\r\n    {\r\n      \"relid\": 428\r\n    }\r\n  ],\r\n  \"bgColor\": null,\r\n  \"bgImage\": null,\r\n  \"cont\": [\r\n    {\r\n      \"type\": \"text\",\r\n      \"cont\": \"<p class=\\\"_Default\\\">Wir sind turbo type aus Offenbach. Und am liebsten arbeiten wir mit Buch\u00adstaben: Unser Schwerpunkt liegt in den Bereichen Kommunikations-\u00ad und Type\u00addesign.<br \/>Wir arbeiten an Visual Identities in Form von Corporate Designs, (Custom) Fonts, Gedrucktem (Plakate, B\u00fccher, Brosch\u00fcren, ...) oder rein Digitalem. Irgendwo zwischen konzeptionell und verspielt freuen wir uns \u00fcber jede Ge\u00adlegenheit, neue Fonts und Letterings zu entwickeln, um ein Projekt einzigartig zu machen. Wir lieben einfach eine ganzheitliche Herangehensweise, bei der wir jedes Element in der Gestaltung mitdenken k\u00f6nnen \u2013 vom einzelnen Buchstaben bis hin zum fertigen Layout.<\/p>\",\r\n      \"align\": \"bottom\",\r\n      \"row\": 0,\r\n      \"col\": 0,\r\n      \"colspan\": 12,\r\n      \"offsetx\": 0,\r\n      \"offsety\": 0,\r\n      \"spaceabove\": 0,\r\n      \"spacebelow\": 0,\r\n      \"yvel\": 1,\r\n      \"push\": 0,\r\n      \"relid\": 5,\r\n      \"absolute_position\": false,\r\n      \"dosync\": false\r\n    },\r\n    {\r\n      \"type\": \"img\",\r\n      \"cont\": \"\/wp-content\/uploads\/2023\/04\/Studio-01-e1681459093203.png\",\r\n      \"align\": \"top\",\r\n      \"row\": 1,\r\n      \"col\": 0,\r\n      \"colspan\": 12,\r\n      \"offsetx\": 0,\r\n      \"offsety\": 0,\r\n      \"spaceabove\": 0,\r\n      \"spacebelow\": 0,\r\n      \"yvel\": 1,\r\n      \"push\": 0,\r\n      \"relid\": 1077,\r\n      \"attid\": 167,\r\n      \"sizes\": {\r\n        \"full\": \"\/wp-content\/uploads\/2023\/04\/Studio-01-e1681459093203.png\",\r\n        \"_512\": \"\/wp-content\/uploads\/2023\/04\/Studio-01-e1681459093203-512x365.png\",\r\n        \"_265\": \"\/wp-content\/uploads\/2023\/04\/Studio-01-e1681459093203-265x189.png\"\r\n      },\r\n      \"w\": 709,\r\n      \"h\": 506,\r\n      \"ar\": 0.7136812411847673,\r\n      \"alt\": \"\",\r\n      \"absolute_position\": false,\r\n      \"dosync\": false\r\n    },\r\n    {\r\n      \"type\": \"text\",\r\n      \"cont\": \"<p><strong>Was wir machen<\/strong><br \/>Corporate Design\/Visuelle Identit\u00e4ten<br \/>Editorial Design<br \/>Typedesign<br \/>Illustration<br \/>Ausstellungsdesign<br \/>Kuration<br \/><br \/><strong>Medien<\/strong><br \/>Animationen, Anzeigen, Ausstellungsgrafik, Ausstellungskataloge, Banner, Brosch\u00fcren, B\u00fccher, Flyer, Gesch\u00e4ftsausstattung, Infografiken, Illustrationen, Kampagnen, Karten, Letterings, Logos, Magazine, Plakate, Postkarten, Pr\u00e4sentationen, Schriften, Sticker, Templates, Texte, Verpackungen, Visitenkarten, Websites, Zeichnungen uvm.<br \/><br \/><strong><\/strong><strong><\/strong><strong>Auftraggeber*innen (Auswahl)<\/strong><br \/>Agentur Mitte<br \/>Amt f\u00fcr Kultur und Sportmanagement Stadt Offenbach<br \/>Atelier Markgraph<br \/>Changing Cities e.V.<br \/>Cheil Germany<br \/>Schultzschultz<br \/>Fontstand News<br \/>Goethe-Universit\u00e4t Frankfurt<br \/>Humboldt Universit\u00e4t Berlin <br \/>Hochschule f\u00fcr Gestaltung Offenbach <br \/>Klingspor Museum Offenbach <br \/>Landungsbr\u00fccken Frankfurt<br \/>MUSEUM MMK F\u00dcR MODERNE KUNST<br \/>Museum Obertor\u00ad-Apotheke<br \/>Netzwerk Frankfurt f\u00fcr gemeinschaftliches Wohnen<br \/>Frauenb\u00fcro Stadt Offenbach<\/p>\",\r\n      \"align\": \"top\",\r\n      \"row\": 2,\r\n      \"col\": 0,\r\n      \"colspan\": 12,\r\n      \"offsetx\": 0,\r\n      \"offsety\": 0,\r\n      \"spaceabove\": 0,\r\n      \"spacebelow\": 0,\r\n      \"yvel\": 1,\r\n      \"push\": 0,\r\n      \"relid\": 173,\r\n      \"absolute_position\": false,\r\n      \"dosync\": false\r\n    },\r\n    {\r\n      \"type\": \"text\",\r\n      \"cont\": \"<p><strong>Kontakt:<\/strong><\/p><p>hello@turbo-type.com<br \/>Instagram: <a rel=\\\"noopener\\\" href=\\\"http:\/\/www.instagram.com\/turbo_type\/\\\" target=\\\"_blank\\\">turbo_type<\/a><\/p>\",\r\n      \"align\": \"bottom\",\r\n      \"row\": 3,\r\n      \"col\": 0,\r\n      \"colspan\": 12,\r\n      \"offsetx\": 0,\r\n      \"offsety\": 0,\r\n      \"spaceabove\": 0,\r\n      \"spacebelow\": 0,\r\n      \"yvel\": 1,\r\n      \"push\": 0,\r\n      \"relid\": 6,\r\n      \"absolute_position\": false,\r\n      \"dosync\": false\r\n    }\r\n  ]\r\n}","_links":{"self":[{"href":"https:\/\/turbo-type.com\/en\/wp-json\/wp\/v2\/pages\/59","targetHints":{"allow":["GET"]}}],"collection":[{"href":"https:\/\/turbo-type.com\/en\/wp-json\/wp\/v2\/pages"}],"about":[{"href":"https:\/\/turbo-type.com\/en\/wp-json\/wp\/v2\/types\/page"}],"author":[{"embeddable":true,"href":"https:\/\/turbo-type.com\/en\/wp-json\/wp\/v2\/users\/1"}],"replies":[{"embeddable":true,"href":"https:\/\/turbo-type.com\/en\/wp-json\/wp\/v2\/comments?post=59"}],"version-history":[{"count":0,"href":"https:\/\/turbo-type.com\/en\/wp-json\/wp\/v2\/pages\/59\/revisions"}],"wp:attachment":[{"href":"https:\/\/turbo-type.com\/en\/wp-json\/wp\/v2\/media?parent=59"}],"curies":[{"name":"wp","href":"https:\/\/api.w.org\/{rel}","templated":true}]}}